{"id":527,"date":"2024-03-19T11:12:13","date_gmt":"2024-03-19T11:12:13","guid":{"rendered":"https:\/\/iseebugs.pl\/?page_id=527"},"modified":"2024-12-10T14:48:39","modified_gmt":"2024-12-10T14:48:39","slug":"o-mnie","status":"publish","type":"page","link":"https:\/\/iseebugs.pl\/index.php\/o-mnie\/","title":{"rendered":"O mnie"},"content":{"rendered":"\n<div class=\"wp-block-columns is-layout-flex wp-container-core-columns-is-layout-1 wp-block-columns-is-layout-flex\">\n<div class=\"wp-block-column is-layout-flow wp-block-column-is-layout-flow\"><style>.kb-image527_0edd89-86 .kb-image-has-overlay:after{opacity:0.3;}<\/style>\n<figure class=\"wp-block-kadence-image kb-image527_0edd89-86 size-large\"><img loading=\"lazy\" decoding=\"async\" width=\"683\" height=\"1024\" src=\"https:\/\/iseebugs.pl\/wp-content\/uploads\/2024\/03\/IMG_X_small-683x1024.jpg\" alt=\"Bart\u0142omiej Tucholski\" class=\"kb-img wp-image-528\" srcset=\"https:\/\/iseebugs.pl\/wp-content\/uploads\/2024\/03\/IMG_X_small-683x1024.jpg 683w, https:\/\/iseebugs.pl\/wp-content\/uploads\/2024\/03\/IMG_X_small-200x300.jpg 200w, https:\/\/iseebugs.pl\/wp-content\/uploads\/2024\/03\/IMG_X_small-768x1152.jpg 768w, https:\/\/iseebugs.pl\/wp-content\/uploads\/2024\/03\/IMG_X_small-1024x1536.jpg 1024w, https:\/\/iseebugs.pl\/wp-content\/uploads\/2024\/03\/IMG_X_small.jpg 1120w\" sizes=\"(max-width: 683px) 100vw, 683px\" \/><figcaption>Bart\u0142omiej Tucholski<\/figcaption><\/figure>\n<\/div>\n\n\n\n<div class=\"wp-block-column is-vertically-aligned-center is-layout-flow wp-block-column-is-layout-flow\">\n<p class=\"has-text-align-center has--font-size\">Przeszed\u0142em z zarz\u0105dzania projektami w bran\u017cy budowlanej do technologii IT, skupiaj\u0105c si\u0119 na Java Development. <\/p>\n\n\n\n<p class=\"has-text-align-center has--font-size\">Posiadam do\u015bwiadczenie w <strong>Java 17+, Spring Boot, Hibernate, SQL, Docker<\/strong>, <strong>relacyjnych bazach danych<\/strong> oraz w projektowaniu i <strong>testowaniu oprogramowania<\/strong>, co potwierdzaj\u0105 zrealizowane projekty i uko\u0144czone kursy.<\/p>\n\n\n\n<p class=\"has-text-align-center has--font-size\">Aktywnie poszukuj\u0119 mo\u017cliwo\u015bci dalszego rozwoju jako Java Developer, got\u00f3w wnie\u015b\u0107 moje umiej\u0119tno\u015bci techniczne i analityczne do nowych wyzwa\u0144. <\/p>\n\n\n\n<p class=\"has-text-align-center has--font-size\">Moim motto jest ci\u0105g\u0142e doskonalenie zar\u00f3wno si\u0119 na wielu p\u0142aszczyznach co bezpo\u015brednio jest przek\u0142adane na jako\u015b\u0107 i profesjonalizm w mojej pracy.<\/p>\n<\/div>\n<\/div>\n\n\n\n<h2 class=\"wp-block-heading\">Wybrany w\u0142asny projekty <\/h2>\n\n\n\n<p><a href=\"https:\/\/do-read.pl\/\">do-read.pl<\/a> &#8211; aplikacja do nauczania dzieci w wieku 0-6 czytania.<\/p>\n\n\n\n<p>Aplikacja zosta\u0142a wdro\u017cona na chmur\u0119 AWS oraz po\u0142\u0105czona z dedykowanym DNS&#8217;em. Wersjonowanie na dockerhub. <br>W projekcie zrealizowa\u0142em wiele celi:<\/p>\n\n\n\n<ul>\n<li>pe\u0142ne Security <\/li>\n\n\n\n<li>zewn\u0119trzne us\u0142ugi jak email hosting, zewn\u0119trzna baza danych (nie kontener dockerowy)<\/li>\n\n\n\n<li>prosty spos\u00f3b logowania i zak\u0142adania konta<\/li>\n\n\n\n<li>testowane na dzieciach \ud83d\ude42<\/li>\n<\/ul>\n\n\n\n<p>Repozytorium -> <a href=\"https:\/\/github.com\/GitHub-BartekT\/read\">https:\/\/github.com\/GitHub-BartekT\/read<\/a><\/p>\n\n\n\n<h2 class=\"wp-block-heading\">Tech skills<\/h2>\n\n\n\n<p>W programowaniu skupiam si\u0119 g\u0142\u00f3wnie na technologiach backenodwych, uzupe\u0142nionych o podstawy frontendu. <\/p>\n\n\n\n<div class=\"wp-block-columns is-layout-flex wp-container-core-columns-is-layout-2 wp-block-columns-is-layout-flex\">\n<div class=\"wp-block-column is-layout-flow wp-block-column-is-layout-flow\">\n<ul>\n<li><a href=\"https:\/\/iseebugs.pl\/index.php\/2024\/04\/17\/hashmap\/\" data-type=\"post\" data-id=\"544\">Java<\/a> 17+<\/li>\n\n\n\n<li><a href=\"https:\/\/iseebugs.pl\/index.php\/2024\/10\/22\/maven-rodzaje-testow\/\" data-type=\"post\" data-id=\"596\">Maven<\/a><\/li>\n\n\n\n<li>Spring Boot 3<\/li>\n\n\n\n<li>Hibernate<\/li>\n\n\n\n<li>Docker<\/li>\n\n\n\n<li>Databases\n<ul>\n<li>PostgreSQL<\/li>\n\n\n\n<li>SQL<\/li>\n\n\n\n<li>Flyway (jak Liquibase)<\/li>\n\n\n\n<li>MongoDB<\/li>\n<\/ul>\n<\/li>\n\n\n\n<li>Security \n<ul>\n<li>JWT<\/li>\n\n\n\n<li>Google login<\/li>\n<\/ul>\n<\/li>\n<\/ul>\n<\/div>\n\n\n\n<div class=\"wp-block-column is-layout-flow wp-block-column-is-layout-flow\">\n<ul>\n<li> Testowanie<ul><li>TDD<\/li><li>JUnit 5<\/li><li>Mockito<\/li><li>AssertJ<\/li><li>WireMock<\/li><li>MockMVC<\/li><li>Postman<\/li><\/ul><\/li>\n\n\n\n<li>Frontend\n<ul>\n<li>JavaScript<\/li>\n\n\n\n<li>HTML<\/li>\n\n\n\n<li>CSS<\/li>\n<\/ul>\n<\/li>\n<\/ul>\n<\/div>\n\n\n\n<div class=\"wp-block-column is-layout-flow wp-block-column-is-layout-flow\">\n<ul>\n<li>Clean Architecture\n<ul>\n<li>Hexagonal Architecture<\/li>\n\n\n\n<li>Design Patterns<\/li>\n\n\n\n<li>SOLID<\/li>\n\n\n\n<li>Microservices<\/li>\n<\/ul>\n<\/li>\n\n\n\n<li>Workflow\n<ul>\n<li>Agile<\/li>\n\n\n\n<li>Kanban<\/li>\n\n\n\n<li>Jira<\/li>\n\n\n\n<li><a href=\"https:\/\/github.com\/GitHub-BartekT\" data-type=\"link\" data-id=\"https:\/\/github.com\/GitHub-BartekT\">Git \/ GitHub<\/a><\/li>\n<\/ul>\n<\/li>\n\n\n\n<li><a href=\"https:\/\/iseebugs.pl\/index.php\/2024\/03\/19\/protokol-http\/\" data-type=\"post\" data-id=\"509\">HTTP<\/a>\n<ul>\n<li>REST API<\/li>\n\n\n\n<li>JSON<\/li>\n\n\n\n<li>XML<\/li>\n<\/ul>\n<\/li>\n<\/ul>\n<\/div>\n<\/div>\n","protected":false},"excerpt":{"rendered":"<p>Przeszed\u0142em z zarz\u0105dzania projektami w bran\u017cy budowlanej do technologii IT, skupiaj\u0105c si\u0119 na Java Development. Posiadam do\u015bwiadczenie w Java 17+, Spring Boot, Hibernate, SQL, Docker, relacyjnych bazach danych oraz w projektowaniu i testowaniu oprogramowania, co potwierdzaj\u0105 zrealizowane projekty i uko\u0144czone kursy. Aktywnie poszukuj\u0119 mo\u017cliwo\u015bci dalszego rozwoju jako Java Developer, got\u00f3w wnie\u015b\u0107 moje umiej\u0119tno\u015bci techniczne i [&hellip;]<\/p>\n","protected":false},"author":1,"featured_media":0,"parent":0,"menu_order":0,"comment_status":"closed","ping_status":"closed","template":"","meta":{"_kadence_starter_templates_imported_post":false,"footnotes":""},"_links":{"self":[{"href":"https:\/\/iseebugs.pl\/index.php\/wp-json\/wp\/v2\/pages\/527"}],"collection":[{"href":"https:\/\/iseebugs.pl\/index.php\/wp-json\/wp\/v2\/pages"}],"about":[{"href":"https:\/\/iseebugs.pl\/index.php\/wp-json\/wp\/v2\/types\/page"}],"author":[{"embeddable":true,"href":"https:\/\/iseebugs.pl\/index.php\/wp-json\/wp\/v2\/users\/1"}],"replies":[{"embeddable":true,"href":"https:\/\/iseebugs.pl\/index.php\/wp-json\/wp\/v2\/comments?post=527"}],"version-history":[{"count":5,"href":"https:\/\/iseebugs.pl\/index.php\/wp-json\/wp\/v2\/pages\/527\/revisions"}],"predecessor-version":[{"id":626,"href":"https:\/\/iseebugs.pl\/index.php\/wp-json\/wp\/v2\/pages\/527\/revisions\/626"}],"wp:attachment":[{"href":"https:\/\/iseebugs.pl\/index.php\/wp-json\/wp\/v2\/media?parent=527"}],"curies":[{"name":"wp","href":"https:\/\/api.w.org\/{rel}","templated":true}]}}